{"id":84,"date":"2015-09-15T14:08:46","date_gmt":"2015-09-15T14:08:46","guid":{"rendered":"http:\/\/hulyagray.co.uk\/?page_id=84"},"modified":"2015-10-02T14:56:38","modified_gmt":"2015-10-02T14:56:38","slug":"turkce","status":"publish","type":"page","link":"https:\/\/hulyagray.co.uk\/index.php\/turkce\/","title":{"rendered":"Kaliteli, Profesyonel ve G\u00fcvenilir \u00c7eviri Hizmetleri"},"content":{"rendered":"<p>\n1997 y\u0131l\u0131ndan beri \u00e7e\u015fitli sekt\u00f6rlerdeki m\u00fc\u015fterilere kaliteli ve g\u00fcvenilir \u00e7eviri hizmetleri veriyorum. Yaz\u0131l\u0131 ve s\u00f6zl\u00fc \u00e7eviri hizmetlerinde m\u00fckemmel bir sicile sahibim.  22 y\u0131ld\u0131r \u0130ngiltere\u2019de ikamet etmekteyim ve \u0130ngilizce diline h\u00e2kimiyetim anadilim gibidir.  B\u00fct\u00fcn \u00e7eviri hizmetlerinde gizlili\u011fe son derece \u00f6nem vermekteyim.<\/p>\n<p>Londra\u2019ya, Londra hava alanlar\u0131na, Man\u015f T\u00fcneline \u00e7ok yak\u0131n bir mesafede ikamet etmekteyim. Birle\u015fik Krall\u0131\u011fa yapaca\u011f\u0131n\u0131n\u0131z i\u015f seyahatlerinde ve t\u00fcm \u00e7eviri hizmetlerinde size yard\u0131mc\u0131 olabilirim.  Daha fazla bilgi i\u00e7in l\u00fctfen benimle irtibata ge\u00e7iniz.<\/p>\n","protected":false},"excerpt":{"rendered":"<p>1997 y\u0131l\u0131ndan beri \u00e7e\u015fitli sekt\u00f6rlerdeki m\u00fc\u015fterilere kaliteli ve g\u00fcvenilir \u00e7eviri hizmetleri veriyorum. Yaz\u0131l\u0131 ve s\u00f6zl\u00fc \u00e7eviri hizmetlerinde m\u00fckemmel bir sicile sahibim. 22 y\u0131ld\u0131r \u0130ngiltere\u2019de ikamet etmekteyim ve \u0130ngilizce diline h\u00e2kimiyetim anadilim gibidir. B\u00fct\u00fcn \u00e7eviri hizmetlerinde gizlili\u011fe son derece \u00f6nem vermekteyim. Londra\u2019ya, Londra hava alanlar\u0131na, Man\u015f T\u00fcneline \u00e7ok yak\u0131n bir mesafede ikamet etmekteyim. Birle\u015fik Krall\u0131\u011fa yapaca\u011f\u0131n\u0131n\u0131z <a class=\"moretag\" href=\"https:\/\/hulyagray.co.uk\/index.php\/turkce\/\">Read More &#8230;<\/a><\/p>\n","protected":false},"author":1,"featured_media":0,"parent":0,"menu_order":0,"comment_status":"closed","ping_status":"closed","template":"full-width-page.php","meta":{"_exactmetrics_skip_tracking":false,"_exactmetrics_sitenote_active":false,"_exactmetrics_sitenote_note":"","_exactmetrics_sitenote_category":0},"_links":{"self":[{"href":"https:\/\/hulyagray.co.uk\/index.php\/wp-json\/wp\/v2\/pages\/84"}],"collection":[{"href":"https:\/\/hulyagray.co.uk\/index.php\/wp-json\/wp\/v2\/pages"}],"about":[{"href":"https:\/\/hulyagray.co.uk\/index.php\/wp-json\/wp\/v2\/types\/page"}],"author":[{"embeddable":true,"href":"https:\/\/hulyagray.co.uk\/index.php\/wp-json\/wp\/v2\/users\/1"}],"replies":[{"embeddable":true,"href":"https:\/\/hulyagray.co.uk\/index.php\/wp-json\/wp\/v2\/comments?post=84"}],"version-history":[{"count":5,"href":"https:\/\/hulyagray.co.uk\/index.php\/wp-json\/wp\/v2\/pages\/84\/revisions"}],"predecessor-version":[{"id":143,"href":"https:\/\/hulyagray.co.uk\/index.php\/wp-json\/wp\/v2\/pages\/84\/revisions\/143"}],"wp:attachment":[{"href":"https:\/\/hulyagray.co.uk\/index.php\/wp-json\/wp\/v2\/media?parent=84"}],"curies":[{"name":"wp","href":"https:\/\/api.w.org\/{rel}","templated":true}]}}